{"id":180,"date":"2023-07-28T12:26:14","date_gmt":"2023-07-28T12:26:14","guid":{"rendered":"https:\/\/opg-saleta.hr\/?page_id=180"},"modified":"2023-07-28T14:08:47","modified_gmt":"2023-07-28T14:08:47","slug":"recepti","status":"publish","type":"page","link":"https:\/\/opg-saleta.hr\/?page_id=180","title":{"rendered":"Recepti"},"content":{"rendered":"\t\t<div data-elementor-type=\"wp-page\" data-elementor-id=\"180\" class=\"elementor elementor-180\" data-elementor-post-type=\"page\">\n\t\t\t\t\t\t<section class=\"elementor-section elementor-top-section elementor-element elementor-element-6651d4d elementor-section-boxed elementor-section-height-default elementor-section-height-default\" data-id=\"6651d4d\" data-element_type=\"section\" data-e-type=\"section\">\n\t\t\t\t\t\t<div class=\"elementor-container elementor-column-gap-default\">\n\t\t\t\t\t<div class=\"elementor-column elementor-col-100 elementor-top-column elementor-element elementor-element-8ba5851\" data-id=\"8ba5851\" data-element_type=\"column\" data-e-type=\"column\">\n\t\t\t<div class=\"elementor-widget-wrap elementor-element-populated\">\n\t\t\t\t\t\t<div class=\"elementor-element elementor-element-cbb8f52 elementor-widget elementor-widget-heading\" data-id=\"cbb8f52\" data-element_type=\"widget\" data-e-type=\"widget\" data-widget_type=\"heading.default\">\n\t\t\t\t<div class=\"elementor-widget-container\">\n\t\t\t\t\t<h2 class=\"elementor-heading-title elementor-size-xl\">Recepti<\/h2>\t\t\t\t<\/div>\n\t\t\t\t<\/div>\n\t\t\t\t\t<\/div>\n\t\t<\/div>\n\t\t\t\t\t<\/div>\n\t\t<\/section>\n\t\t\t\t<section class=\"elementor-section elementor-top-section elementor-element elementor-element-aace3d0 elementor-section-boxed elementor-section-height-default elementor-section-height-default\" data-id=\"aace3d0\" data-element_type=\"section\" data-e-type=\"section\">\n\t\t\t\t\t\t<div class=\"elementor-container elementor-column-gap-default\">\n\t\t\t\t\t<div class=\"elementor-column elementor-col-100 elementor-top-column elementor-element elementor-element-838cdbc\" data-id=\"838cdbc\" data-element_type=\"column\" data-e-type=\"column\">\n\t\t\t<div class=\"elementor-widget-wrap elementor-element-populated\">\n\t\t\t\t\t\t<div class=\"elementor-element elementor-element-a9a717c elementor-widget elementor-widget-heading\" data-id=\"a9a717c\" data-element_type=\"widget\" data-e-type=\"widget\" data-widget_type=\"heading.default\">\n\t\t\t\t<div class=\"elementor-widget-container\">\n\t\t\t\t\t<h3 class=\"elementor-heading-title elementor-size-large\">Apiterapija<\/h3>\t\t\t\t<\/div>\n\t\t\t\t<\/div>\n\t\t\t\t<div class=\"elementor-element elementor-element-19deb3a elementor-widget elementor-widget-text-editor\" data-id=\"19deb3a\" data-element_type=\"widget\" data-e-type=\"widget\" data-widget_type=\"text-editor.default\">\n\t\t\t\t<div class=\"elementor-widget-container\">\n\t\t\t\t\t\t\t\t\t<p>P\u010delinji proizvodi su od davnina zadovoljavali razli\u010dite potrebe ljudi &#8211; u ishrani, lije\u010denju i kozmetici. Zbog svog kompleksnog sustava i sinergijskog djelovanja i danas imaju veliki zna\u010daj u o\u010duvanju zdravlja te predstavljaju pomo\u0107 iz prirode pri lije\u010denju mnogih bolesti. Pripravci koji sadr\u017ee med, pelud, propolis i mati\u010dnu mlije\u010d sve su popularniji jer njihova upotreba blagotvorno djeluje na organizam.<\/p>\t\t\t\t\t\t\t\t<\/div>\n\t\t\t\t<\/div>\n\t\t\t\t<div class=\"elementor-element elementor-element-67003c7 elementor-widget elementor-widget-text-editor\" data-id=\"67003c7\" data-element_type=\"widget\" data-e-type=\"widget\" data-widget_type=\"text-editor.default\">\n\t\t\t\t<div class=\"elementor-widget-container\">\n\t\t\t\t\t\t\t\t\tU apiterapiji se nerijetko p\u010delinji proizvodi\u00a0kombiniraju\u00a0\u00a0s ekstraktima ljekovitog bilja pri\u00a0\u010demu\u00a0djeluju sinergisti\u010dki, poja\u010davaju\u0107i me\u0111usobno djelovanje. U ljekarnama se proizvodi iz programa Apiterapija pojavljuju u razli\u010ditim farmaceutskim oblicima, kao \u0161to su medne mje\u0161avine, tinkture, pastile, kapsule, kreme, masti i sirupi. Apiterapija nije alternativa konvencionalnoj medicini, ve\u0107 joj je\u00a0komplementarna, me\u0111usobno se nadopunjuju i svakako je u primjeni pod nadzorom lije\u010dnika i lije\u010dnika specijalista.\t\t\t\t\t\t\t\t<\/div>\n\t\t\t\t<\/div>\n\t\t\t\t\t<\/div>\n\t\t<\/div>\n\t\t\t\t\t<\/div>\n\t\t<\/section>\n\t\t\t\t<section class=\"elementor-section elementor-top-section elementor-element elementor-element-fca7b9b elementor-section-boxed elementor-section-height-default elementor-section-height-default\" data-id=\"fca7b9b\" data-element_type=\"section\" data-e-type=\"section\">\n\t\t\t\t\t\t<div class=\"elementor-container elementor-column-gap-default\">\n\t\t\t\t\t<div class=\"elementor-column elementor-col-66 elementor-top-column elementor-element elementor-element-6ff5c3e\" data-id=\"6ff5c3e\" data-element_type=\"column\" data-e-type=\"column\">\n\t\t\t<div class=\"elementor-widget-wrap elementor-element-populated\">\n\t\t\t\t\t\t<div class=\"elementor-element elementor-element-c067286 elementor-widget elementor-widget-gallery\" data-id=\"c067286\" data-element_type=\"widget\" data-e-type=\"widget\" data-settings=\"{&quot;gallery_layout&quot;:&quot;justified&quot;,&quot;gap&quot;:{&quot;unit&quot;:&quot;px&quot;,&quot;size&quot;:30,&quot;sizes&quot;:[]},&quot;lazyload&quot;:&quot;yes&quot;,&quot;ideal_row_height&quot;:{&quot;unit&quot;:&quot;px&quot;,&quot;size&quot;:200,&quot;sizes&quot;:[]},&quot;ideal_row_height_tablet&quot;:{&quot;unit&quot;:&quot;px&quot;,&quot;size&quot;:150,&quot;sizes&quot;:[]},&quot;ideal_row_height_mobile&quot;:{&quot;unit&quot;:&quot;px&quot;,&quot;size&quot;:150,&quot;sizes&quot;:[]},&quot;gap_tablet&quot;:{&quot;unit&quot;:&quot;px&quot;,&quot;size&quot;:10,&quot;sizes&quot;:[]},&quot;gap_mobile&quot;:{&quot;unit&quot;:&quot;px&quot;,&quot;size&quot;:10,&quot;sizes&quot;:[]},&quot;link_to&quot;:&quot;file&quot;,&quot;overlay_background&quot;:&quot;yes&quot;,&quot;content_hover_animation&quot;:&quot;fade-in&quot;}\" data-widget_type=\"gallery.default\">\n\t\t\t\t<div class=\"elementor-widget-container\">\n\t\t\t\t\t\t\t<div class=\"elementor-gallery__container\">\n\t\t\t\t\t\t\t<a class=\"e-gallery-item elementor-gallery-item elementor-animated-content\" href=\"https:\/\/opg-saleta.hr\/wp-content\/uploads\/2023\/07\/sve01-scaled.jpg\" data-elementor-open-lightbox=\"yes\" data-elementor-lightbox-slideshow=\"c067286\" data-elementor-lightbox-title=\"OLYMPUS DIGITAL CAMERA\" data-e-action-hash=\"#elementor-action%3Aaction%3Dlightbox%26settings%3DeyJpZCI6ODgsInVybCI6Imh0dHBzOlwvXC9vcGctc2FsZXRhLmhyXC93cC1jb250ZW50XC91cGxvYWRzXC8yMDIzXC8wN1wvc3ZlMDEtc2NhbGVkLmpwZyIsInNsaWRlc2hvdyI6ImMwNjcyODYifQ%3D%3D\">\n\t\t\t\t\t<div class=\"e-gallery-image elementor-gallery-item__image\" data-thumbnail=\"https:\/\/opg-saleta.hr\/wp-content\/uploads\/2023\/07\/sve01-768x576.jpg\" data-width=\"768\" data-height=\"576\" aria-label=\"\" role=\"img\" ><\/div>\n\t\t\t\t\t\t\t\t\t\t\t<div class=\"elementor-gallery-item__overlay\"><\/div>\n\t\t\t\t\t\t\t\t\t\t\t\t\t\t<\/a>\n\t\t\t\t\t\t\t<a class=\"e-gallery-item elementor-gallery-item elementor-animated-content\" href=\"https:\/\/opg-saleta.hr\/wp-content\/uploads\/2023\/07\/pelud_mix-scaled.jpg\" data-elementor-open-lightbox=\"yes\" data-elementor-lightbox-slideshow=\"c067286\" data-elementor-lightbox-title=\"OLYMPUS DIGITAL CAMERA\" data-e-action-hash=\"#elementor-action%3Aaction%3Dlightbox%26settings%3DeyJpZCI6OTQsInVybCI6Imh0dHBzOlwvXC9vcGctc2FsZXRhLmhyXC93cC1jb250ZW50XC91cGxvYWRzXC8yMDIzXC8wN1wvcGVsdWRfbWl4LXNjYWxlZC5qcGciLCJzbGlkZXNob3ciOiJjMDY3Mjg2In0%3D\">\n\t\t\t\t\t<div class=\"e-gallery-image elementor-gallery-item__image\" data-thumbnail=\"https:\/\/opg-saleta.hr\/wp-content\/uploads\/2023\/07\/pelud_mix-768x576.jpg\" data-width=\"768\" data-height=\"576\" aria-label=\"\" role=\"img\" ><\/div>\n\t\t\t\t\t\t\t\t\t\t\t<div class=\"elementor-gallery-item__overlay\"><\/div>\n\t\t\t\t\t\t\t\t\t\t\t\t\t\t<\/a>\n\t\t\t\t\t\t\t<a class=\"e-gallery-item elementor-gallery-item elementor-animated-content\" href=\"https:\/\/opg-saleta.hr\/wp-content\/uploads\/2023\/07\/propolis-scaled.jpg\" data-elementor-open-lightbox=\"yes\" data-elementor-lightbox-slideshow=\"c067286\" data-elementor-lightbox-title=\"OLYMPUS DIGITAL CAMERA\" data-e-action-hash=\"#elementor-action%3Aaction%3Dlightbox%26settings%3DeyJpZCI6OTUsInVybCI6Imh0dHBzOlwvXC9vcGctc2FsZXRhLmhyXC93cC1jb250ZW50XC91cGxvYWRzXC8yMDIzXC8wN1wvcHJvcG9saXMtc2NhbGVkLmpwZyIsInNsaWRlc2hvdyI6ImMwNjcyODYifQ%3D%3D\">\n\t\t\t\t\t<div class=\"e-gallery-image elementor-gallery-item__image\" data-thumbnail=\"https:\/\/opg-saleta.hr\/wp-content\/uploads\/2023\/07\/propolis-768x576.jpg\" data-width=\"768\" data-height=\"576\" aria-label=\"\" role=\"img\" ><\/div>\n\t\t\t\t\t\t\t\t\t\t\t<div class=\"elementor-gallery-item__overlay\"><\/div>\n\t\t\t\t\t\t\t\t\t\t\t\t\t\t<\/a>\n\t\t\t\t\t<\/div>\n\t\t\t\t\t<\/div>\n\t\t\t\t<\/div>\n\t\t\t\t\t<\/div>\n\t\t<\/div>\n\t\t\t\t<div class=\"elementor-column elementor-col-33 elementor-top-column elementor-element elementor-element-2d3ba5b\" data-id=\"2d3ba5b\" data-element_type=\"column\" data-e-type=\"column\">\n\t\t\t<div class=\"elementor-widget-wrap elementor-element-populated\">\n\t\t\t\t\t\t<div class=\"elementor-element elementor-element-5737824 elementor-widget elementor-widget-testimonial\" data-id=\"5737824\" data-element_type=\"widget\" data-e-type=\"widget\" data-widget_type=\"testimonial.default\">\n\t\t\t\t<div class=\"elementor-widget-container\">\n\t\t\t\t\t\t\t<div class=\"elementor-testimonial-wrapper\">\n\t\t\t\t\t\t\t<div class=\"elementor-testimonial-content\"><h4 style=\"text-transform:none\"><strong>Jeste li znali?<\/strong><br><\/h4>\n\nOrganizam se ne mo\u017ee naviknuti na p\u010delinje proizode pa oni ne gube na svojoj djelotvornosti. Vrijednost i zna\u010daj apiterapije je u tome \u0161to je ona potpuno prirodan na\u010din lije\u010denja i nema \u0161tetnih utjecaja.<\/div>\n\t\t\t\n\t\t\t\t\t<\/div>\n\t\t\t\t\t\t<\/div>\n\t\t\t\t<\/div>\n\t\t\t\t\t<\/div>\n\t\t<\/div>\n\t\t\t\t\t<\/div>\n\t\t<\/section>\n\t\t\t\t<section class=\"elementor-section elementor-top-section elementor-element elementor-element-3645988 elementor-section-boxed elementor-section-height-default elementor-section-height-default\" data-id=\"3645988\" data-element_type=\"section\" data-e-type=\"section\">\n\t\t\t\t\t\t<div class=\"elementor-container elementor-column-gap-default\">\n\t\t\t\t\t<div class=\"elementor-column elementor-col-100 elementor-top-column elementor-element elementor-element-d22e088\" data-id=\"d22e088\" data-element_type=\"column\" data-e-type=\"column\">\n\t\t\t<div class=\"elementor-widget-wrap elementor-element-populated\">\n\t\t\t\t\t\t<div class=\"elementor-element elementor-element-3488d85 elementor-widget elementor-widget-text-editor\" data-id=\"3488d85\" data-element_type=\"widget\" data-e-type=\"widget\" data-widget_type=\"text-editor.default\">\n\t\t\t\t<div class=\"elementor-widget-container\">\n\t\t\t\t\t\t\t\t\t<p>Neredovita prehrana, stres, tjelesna i mentalna iscrpljenost ozbiljno naru\u0161avaju otpornost ljudskoga organizma i uzrokuju alergije. Prilagodba \u010dovjeka na nov na\u010din i dinamiku \u017eivota zahtjeva ja\u010de izvore kvalitetne energije. Time \u0107e vrijednost p\u010delinjih proizvoda: meda, propolisa, mati\u010dne mlije\u010di i peluda, poznata u narodnoj medicini i znanosti imati sve ve\u0107e zna\u010denje.<\/p>\t\t\t\t\t\t\t\t<\/div>\n\t\t\t\t<\/div>\n\t\t\t\t\t<\/div>\n\t\t<\/div>\n\t\t\t\t\t<\/div>\n\t\t<\/section>\n\t\t\t\t<\/div>\n\t\t","protected":false},"excerpt":{"rendered":"<p>Recepti Apiterapija P\u010delinji proizvodi su od davnina zadovoljavali razli\u010dite potrebe ljudi &#8211; u ishrani, lije\u010denju i kozmetici. Zbog svog kompleksnog sustava i sinergijskog djelovanja i danas imaju veliki zna\u010daj u o\u010duvanju zdravlja te predstavljaju pomo\u0107 iz prirode pri lije\u010denju mnogih bolesti. Pripravci koji sadr\u017ee med, pelud, propolis i mati\u010dnu mlije\u010d sve su popularniji jer njihova [&hellip;]<\/p>\n","protected":false},"author":2,"featured_media":0,"parent":0,"menu_order":0,"comment_status":"closed","ping_status":"closed","template":"","meta":{"footnotes":""},"class_list":["post-180","page","type-page","status-publish","hentry"],"_links":{"self":[{"href":"https:\/\/opg-saleta.hr\/index.php?rest_route=\/wp\/v2\/pages\/180","targetHints":{"allow":["GET"]}}],"collection":[{"href":"https:\/\/opg-saleta.hr\/index.php?rest_route=\/wp\/v2\/pages"}],"about":[{"href":"https:\/\/opg-saleta.hr\/index.php?rest_route=\/wp\/v2\/types\/page"}],"author":[{"embeddable":true,"href":"https:\/\/opg-saleta.hr\/index.php?rest_route=\/wp\/v2\/users\/2"}],"replies":[{"embeddable":true,"href":"https:\/\/opg-saleta.hr\/index.php?rest_route=%2Fwp%2Fv2%2Fcomments&post=180"}],"version-history":[{"count":10,"href":"https:\/\/opg-saleta.hr\/index.php?rest_route=\/wp\/v2\/pages\/180\/revisions"}],"predecessor-version":[{"id":223,"href":"https:\/\/opg-saleta.hr\/index.php?rest_route=\/wp\/v2\/pages\/180\/revisions\/223"}],"wp:attachment":[{"href":"https:\/\/opg-saleta.hr\/index.php?rest_route=%2Fwp%2Fv2%2Fmedia&parent=180"}],"curies":[{"name":"wp","href":"https:\/\/api.w.org\/{rel}","templated":true}]}}